{"id":4233,"date":"2023-04-24T09:04:47","date_gmt":"2023-04-24T09:04:47","guid":{"rendered":"https:\/\/ethikyou.com\/terms-conditions\/"},"modified":"2024-10-16T09:20:14","modified_gmt":"2024-10-16T09:20:14","slug":"terms-conditions","status":"publish","type":"page","link":"https:\/\/ethikyou.com\/en\/terms-conditions\/","title":{"rendered":"Terms &amp; Conditions"},"content":{"rendered":"\t\t<div data-elementor-type=\"wp-page\" data-elementor-id=\"4233\" class=\"elementor elementor-4233 elementor-12\" data-elementor-post-type=\"page\">\n\t\t\t\t<section class=\"elementor-element elementor-element-855fbd8 e-flex e-con-boxed e-con e-parent\" data-id=\"855fbd8\" data-element_type=\"container\" data-e-type=\"container\" data-settings=\"{&quot;background_background&quot;:&quot;classic&quot;}\">\n\t\t\t\t\t<div class=\"e-con-inner\">\n\t\t\t\t<div class=\"elementor-element elementor-element-aa9da2d elementor-absolute parallax-big elementor-widget elementor-widget-image\" data-id=\"aa9da2d\" data-element_type=\"widget\" data-e-type=\"widget\" data-settings=\"{&quot;_position&quot;:&quot;absolute&quot;}\" data-widget_type=\"image.default\">\n\t\t\t\t<div class=\"elementor-widget-container\">\n\t\t\t\t\t\t\t\t\t\t\t\t\t\t\t<img fetchpriority=\"high\" decoding=\"async\" width=\"766\" height=\"383\" src=\"https:\/\/ethikyou.com\/wp-content\/uploads\/bg_demi-cercle01.svg\" class=\"attachment-full size-full wp-image-1816\" alt=\"\" \/>\t\t\t\t\t\t\t\t\t\t\t\t\t\t\t<\/div>\n\t\t\t\t<\/div>\n\t\t\t\t<div class=\"elementor-element elementor-element-bad7de7 elementor-widget elementor-widget-heading\" data-id=\"bad7de7\" data-element_type=\"widget\" data-e-type=\"widget\" data-widget_type=\"heading.default\">\n\t\t\t\t<div class=\"elementor-widget-container\">\n\t\t\t\t\t<h1 class=\"elementor-heading-title elementor-size-default\">Terms &amp; Conditions<\/h1>\t\t\t\t<\/div>\n\t\t\t\t<\/div>\n\t\t\t\t<div class=\"elementor-element elementor-element-9a10fdc elementor-widget__width-inherit elementor-widget elementor-widget-heading\" data-id=\"9a10fdc\" data-element_type=\"widget\" data-e-type=\"widget\" data-widget_type=\"heading.default\">\n\t\t\t\t<div class=\"elementor-widget-container\">\n\t\t\t\t\t<h2 class=\"elementor-heading-title elementor-size-default\">Publication<\/h2>\t\t\t\t<\/div>\n\t\t\t\t<\/div>\n\t\t\t\t<div class=\"elementor-element elementor-element-55d39bf elementor-widget elementor-widget-text-editor\" data-id=\"55d39bf\" data-element_type=\"widget\" data-e-type=\"widget\" data-widget_type=\"text-editor.default\">\n\t\t\t\t<div class=\"elementor-widget-container\">\n\t\t\t\t\t\t\t\t\t<p>This website, accessible at https:\/\/www.ethikyou.com, is published by ETHIKYOU SAS, a Soci\u00e9t\u00e9 par Actions Simplifi\u00e9e, 907 716 732 R.C.S. Paris, with intra-community VAT number FR47907716732, whose registered office is located at 10 rue de Penthi\u00e8vre, 75008 Paris.<\/p>\n\n<p>Tel:+33 (0)7 77 88 97 53 <br>email: contact@ethikyou.com<\/p>\n\n<p>ETHIKYOU specialises in business and management consultancy (CSR, sustainable development, responsible finance strategy, training, regulatory reporting, human resources, communication, change management).<\/p>\n\n<p>The website publication director is Boris FRANCIOLI.<\/p>\t\t\t\t\t\t\t\t<\/div>\n\t\t\t\t<\/div>\n\t\t\t\t<div class=\"elementor-element elementor-element-948daad elementor-widget elementor-widget-heading\" data-id=\"948daad\" data-element_type=\"widget\" data-e-type=\"widget\" data-widget_type=\"heading.default\">\n\t\t\t\t<div class=\"elementor-widget-container\">\n\t\t\t\t\t<h3 class=\"elementor-heading-title elementor-size-default\">Design \/ Production<\/h3>\t\t\t\t<\/div>\n\t\t\t\t<\/div>\n\t\t\t\t<div class=\"elementor-element elementor-element-168a338 elementor-widget elementor-widget-text-editor\" data-id=\"168a338\" data-element_type=\"widget\" data-e-type=\"widget\" data-widget_type=\"text-editor.default\">\n\t\t\t\t<div class=\"elementor-widget-container\">\n\t\t\t\t\t\t\t\t\t<p><strong>EENOV<\/strong>\nSAS with capital of \u20ac50,000<br>\n25 Rue Marcel Issartier<br>\nCentre d\u2019affaires Aeroparc<br>\n33700 MERIGNAC<br>\nFRANCE<\/p>\n\n<p>Tel: 05.57.53.02.31<br>\nEmail : contact@eenov.com<\/p>\n\n<p>RCS Bordeaux B 479 022 386<br>\nNAF code 6201Z<br>\nSIRET 479 022 386 00037<\/p>\t\t\t\t\t\t\t\t<\/div>\n\t\t\t\t<\/div>\n\t\t\t\t<div class=\"elementor-element elementor-element-eb8e1bb elementor-widget elementor-widget-heading\" data-id=\"eb8e1bb\" data-element_type=\"widget\" data-e-type=\"widget\" data-widget_type=\"heading.default\">\n\t\t\t\t<div class=\"elementor-widget-container\">\n\t\t\t\t\t<h3 class=\"elementor-heading-title elementor-size-default\">Hosting<\/h3>\t\t\t\t<\/div>\n\t\t\t\t<\/div>\n\t\t\t\t<div class=\"elementor-element elementor-element-99cce7c elementor-widget elementor-widget-text-editor\" data-id=\"99cce7c\" data-element_type=\"widget\" data-e-type=\"widget\" data-widget_type=\"text-editor.default\">\n\t\t\t\t<div class=\"elementor-widget-container\">\n\t\t\t\t\t\t\t\t\t<strong>OVH<\/strong>\n\nSAS with share capital of \u20ac10,069,020<br>\nRCS Lille M\u00e9tropole 424 761 419 00045<br>\nAPE code 2620Z<br>\nTVA: FR 22 424 761 419<br>\nHead office: 2 rue Kellermann \u2013 59100<br> Roubaix \u2013 France\t\t\t\t\t\t\t\t<\/div>\n\t\t\t\t<\/div>\n\t\t\t\t<div class=\"elementor-element elementor-element-30efa14 elementor-widget elementor-widget-heading\" data-id=\"30efa14\" data-element_type=\"widget\" data-e-type=\"widget\" data-widget_type=\"heading.default\">\n\t\t\t\t<div class=\"elementor-widget-container\">\n\t\t\t\t\t<h2 class=\"elementor-heading-title elementor-size-default\">Intellectual property rights<\/h2>\t\t\t\t<\/div>\n\t\t\t\t<\/div>\n\t\t\t\t<div class=\"elementor-element elementor-element-4c4b089 elementor-widget elementor-widget-text-editor\" data-id=\"4c4b089\" data-element_type=\"widget\" data-e-type=\"widget\" data-widget_type=\"text-editor.default\">\n\t\t\t\t<div class=\"elementor-widget-container\">\n\t\t\t\t\t\t\t\t\t<p>The Website is protected by intellectual property rights and is the exclusive property of ETHIKYOU. The design, graphics, content and organisation of this website are original works and the sole property of ETHIKYOU. Any reproduction, or demarcation, in whole or in part, made without the consent of the author, or his successors in title, or his assigns, is unlawful. The same applies to translation, adaptation and arrangement by any process whatsoever (Law 57298 of 11 March 1957).<\/p>\n\t\t\t\t\t\t\t\t<\/div>\n\t\t\t\t<\/div>\n\t\t\t\t<div class=\"elementor-element elementor-element-e1bd54a elementor-widget elementor-widget-heading\" data-id=\"e1bd54a\" data-element_type=\"widget\" data-e-type=\"widget\" data-widget_type=\"heading.default\">\n\t\t\t\t<div class=\"elementor-widget-container\">\n\t\t\t\t\t<h2 class=\"elementor-heading-title elementor-size-default\">Hyperlinks to third-party sites<\/h2>\t\t\t\t<\/div>\n\t\t\t\t<\/div>\n\t\t\t\t<div class=\"elementor-element elementor-element-4c7e687 elementor-widget elementor-widget-text-editor\" data-id=\"4c7e687\" data-element_type=\"widget\" data-e-type=\"widget\" data-widget_type=\"text-editor.default\">\n\t\t\t\t<div class=\"elementor-widget-container\">\n\t\t\t\t\t\t\t\t\t<p>ETHIKYOU has no control over the content of third party websites. The existence of a hypertext link between ETHIKYOU and a third party website in no way implies that ETHIKYOU has control over the content of the third party website.<\/p>\n\t\t\t\t\t\t\t\t<\/div>\n\t\t\t\t<\/div>\n\t\t\t\t<div class=\"elementor-element elementor-element-ae610c1 elementor-widget elementor-widget-heading\" data-id=\"ae610c1\" data-element_type=\"widget\" data-e-type=\"widget\" data-widget_type=\"heading.default\">\n\t\t\t\t<div class=\"elementor-widget-container\">\n\t\t\t\t\t<h2 class=\"elementor-heading-title elementor-size-default\">Disclaimer<\/h2>\t\t\t\t<\/div>\n\t\t\t\t<\/div>\n\t\t\t\t<div class=\"elementor-element elementor-element-1f74ecd elementor-widget elementor-widget-text-editor\" data-id=\"1f74ecd\" data-element_type=\"widget\" data-e-type=\"widget\" data-widget_type=\"text-editor.default\">\n\t\t\t\t<div class=\"elementor-widget-container\">\n\t\t\t\t\t\t\t\t\t<p>It is the responsibility of users of this site to take all appropriate measures to protect their own data and\/or software from contamination by any viruses circulating on the Internet.<\/p>\n\t\t\t\t\t\t\t\t<\/div>\n\t\t\t\t<\/div>\n\t\t\t\t<div class=\"elementor-element elementor-element-bf3f045 elementor-widget elementor-widget-heading\" data-id=\"bf3f045\" data-element_type=\"widget\" data-e-type=\"widget\" data-widget_type=\"heading.default\">\n\t\t\t\t<div class=\"elementor-widget-container\">\n\t\t\t\t\t<h2 class=\"elementor-heading-title elementor-size-default\">Site modification\n<\/h2>\t\t\t\t<\/div>\n\t\t\t\t<\/div>\n\t\t\t\t<div class=\"elementor-element elementor-element-b52747d elementor-widget elementor-widget-text-editor\" data-id=\"b52747d\" data-element_type=\"widget\" data-e-type=\"widget\" data-widget_type=\"text-editor.default\">\n\t\t\t\t<div class=\"elementor-widget-container\">\n\t\t\t\t\t\t\t\t\t<p>ETHIKYOU reserves the right to modify or correct the content of this website and this legal notice at any time without prior notice.<\/p>\n\t\t\t\t\t\t\t\t<\/div>\n\t\t\t\t<\/div>\n\t\t\t\t<div class=\"elementor-element elementor-element-799588c elementor-widget elementor-widget-heading\" data-id=\"799588c\" data-element_type=\"widget\" data-e-type=\"widget\" data-widget_type=\"heading.default\">\n\t\t\t\t<div class=\"elementor-widget-container\">\n\t\t\t\t\t<h2 class=\"elementor-heading-title elementor-size-default\">Collected data<\/h2>\t\t\t\t<\/div>\n\t\t\t\t<\/div>\n\t\t\t\t<div class=\"elementor-element elementor-element-e9b4ce0 elementor-widget elementor-widget-text-editor\" data-id=\"e9b4ce0\" data-element_type=\"widget\" data-e-type=\"widget\" data-widget_type=\"text-editor.default\">\n\t\t\t\t<div class=\"elementor-widget-container\">\n\t\t\t\t\t\t\t\t\t<p>No personal data is collected by this website via cookies without your consent. Once you have given your consent, it is valid for a maximum of 13 months. You can change your mind by clicking on the \u2018Manage cookies\u2019 button. The web server log files collect your IP address for research purposes in the event of piracy or abuse, and are kept for a few weeks.<\/p>\n<p>Les donn\u00e9es des formulaires de ce site ne sont pas enregistr\u00e9es sans votre consentement, et peuvent \u00eatre transmises par email au gestionnaire du site. It is automatically deleted or pseudonymised after 13 months. The mail server log files collect your email address and IP address for study purposes in the event of piracy or abuse, and are kept for a few weeks. Data from forms sent by email may be archived by the site administrator on one or more of its computers. To request removal, contact the site manager.<\/p>\n\t\t\t\t\t\t\t\t<\/div>\n\t\t\t\t<\/div>\n\t\t\t\t\t<\/div>\n\t\t\t\t<\/section>\n\t\t\t\t<\/div>\n\t\t","protected":false},"excerpt":{"rendered":"<p>Terms &amp; Conditions Publication This website, accessible at https:\/\/www.ethikyou.com, is published by ETHIKYOU SAS, a Soci\u00e9t\u00e9 par Actions Simplifi\u00e9e, 907 716 732 R.C.S. Paris, with intra-community VAT number FR47907716732, whose registered office is located at 10 rue de Penthi\u00e8vre, 75008 Paris. Tel:+33 (0)7 77 88 97 53 email: contact@ethikyou.com ETHIKYOU specialises in business and management [&hellip;]<\/p>\n","protected":false},"author":1,"featured_media":0,"parent":0,"menu_order":0,"comment_status":"closed","ping_status":"closed","template":"","meta":{"footnotes":""},"class_list":["post-4233","page","type-page","status-publish","hentry"],"yoast_head":"<!-- This site is optimized with the Yoast SEO plugin v27.3 - https:\/\/yoast.com\/product\/yoast-seo-wordpress\/ -->\n<title>Terms &amp; Conditions - ETHIKYOU<\/title>\n<meta name=\"robots\" content=\"index, follow, max-snippet:-1, max-image-preview:large, max-video-preview:-1\" \/>\n<link rel=\"canonical\" href=\"https:\/\/ethikyou.com\/en\/terms-conditions\/\" \/>\n<meta property=\"og:locale\" content=\"en_US\" \/>\n<meta property=\"og:type\" content=\"article\" \/>\n<meta property=\"og:title\" content=\"Terms &amp; Conditions - ETHIKYOU\" \/>\n<meta property=\"og:description\" content=\"Terms &amp; Conditions Publication This website, accessible at https:\/\/www.ethikyou.com, is published by ETHIKYOU SAS, a Soci\u00e9t\u00e9 par Actions Simplifi\u00e9e, 907 716 732 R.C.S. Paris, with intra-community VAT number FR47907716732, whose registered office is located at 10 rue de Penthi\u00e8vre, 75008 Paris. Tel:+33 (0)7 77 88 97 53 email: contact@ethikyou.com ETHIKYOU specialises in business and management [&hellip;]\" \/>\n<meta property=\"og:url\" content=\"https:\/\/ethikyou.com\/en\/terms-conditions\/\" \/>\n<meta property=\"og:site_name\" content=\"ETHIKYOU\" \/>\n<meta property=\"article:modified_time\" content=\"2024-10-16T09:20:14+00:00\" \/>\n<meta property=\"og:image\" content=\"https:\/\/ethikyou.com\/wp-content\/uploads\/bg_demi-cercle01.svg\" \/>\n<meta name=\"twitter:card\" content=\"summary_large_image\" \/>\n<meta name=\"twitter:label1\" content=\"Est. reading time\" \/>\n\t<meta name=\"twitter:data1\" content=\"2 minutes\" \/>\n<script type=\"application\/ld+json\" class=\"yoast-schema-graph\">{\"@context\":\"https:\\\/\\\/schema.org\",\"@graph\":[{\"@type\":\"WebPage\",\"@id\":\"https:\\\/\\\/ethikyou.com\\\/en\\\/terms-conditions\\\/\",\"url\":\"https:\\\/\\\/ethikyou.com\\\/en\\\/terms-conditions\\\/\",\"name\":\"Terms &amp; Conditions - ETHIKYOU\",\"isPartOf\":{\"@id\":\"https:\\\/\\\/ethikyou.com\\\/en\\\/#website\"},\"primaryImageOfPage\":{\"@id\":\"https:\\\/\\\/ethikyou.com\\\/en\\\/terms-conditions\\\/#primaryimage\"},\"image\":{\"@id\":\"https:\\\/\\\/ethikyou.com\\\/en\\\/terms-conditions\\\/#primaryimage\"},\"thumbnailUrl\":\"https:\\\/\\\/ethikyou.com\\\/wp-content\\\/uploads\\\/bg_demi-cercle01.svg\",\"datePublished\":\"2023-04-24T09:04:47+00:00\",\"dateModified\":\"2024-10-16T09:20:14+00:00\",\"breadcrumb\":{\"@id\":\"https:\\\/\\\/ethikyou.com\\\/en\\\/terms-conditions\\\/#breadcrumb\"},\"inLanguage\":\"en-US\",\"potentialAction\":[{\"@type\":\"ReadAction\",\"target\":[\"https:\\\/\\\/ethikyou.com\\\/en\\\/terms-conditions\\\/\"]}]},{\"@type\":\"ImageObject\",\"inLanguage\":\"en-US\",\"@id\":\"https:\\\/\\\/ethikyou.com\\\/en\\\/terms-conditions\\\/#primaryimage\",\"url\":\"https:\\\/\\\/ethikyou.com\\\/wp-content\\\/uploads\\\/bg_demi-cercle01.svg\",\"contentUrl\":\"https:\\\/\\\/ethikyou.com\\\/wp-content\\\/uploads\\\/bg_demi-cercle01.svg\"},{\"@type\":\"BreadcrumbList\",\"@id\":\"https:\\\/\\\/ethikyou.com\\\/en\\\/terms-conditions\\\/#breadcrumb\",\"itemListElement\":[{\"@type\":\"ListItem\",\"position\":1,\"name\":\"Accueil\",\"item\":\"https:\\\/\\\/ethikyou.com\\\/en\\\/accueil\\\/\"},{\"@type\":\"ListItem\",\"position\":2,\"name\":\"Terms &amp; Conditions\"}]},{\"@type\":\"WebSite\",\"@id\":\"https:\\\/\\\/ethikyou.com\\\/en\\\/#website\",\"url\":\"https:\\\/\\\/ethikyou.com\\\/en\\\/\",\"name\":\"ETHIKYOU\",\"description\":\"Elevez votre potentiel RSE\",\"publisher\":{\"@id\":\"https:\\\/\\\/ethikyou.com\\\/en\\\/#organization\"},\"alternateName\":\"ETHIKYOU\",\"potentialAction\":[{\"@type\":\"SearchAction\",\"target\":{\"@type\":\"EntryPoint\",\"urlTemplate\":\"https:\\\/\\\/ethikyou.com\\\/en\\\/?s={search_term_string}\"},\"query-input\":{\"@type\":\"PropertyValueSpecification\",\"valueRequired\":true,\"valueName\":\"search_term_string\"}}],\"inLanguage\":\"en-US\"},{\"@type\":\"Organization\",\"@id\":\"https:\\\/\\\/ethikyou.com\\\/en\\\/#organization\",\"name\":\"ETHIKYOU\",\"alternateName\":\"ETHIKYOU\",\"url\":\"https:\\\/\\\/ethikyou.com\\\/en\\\/\",\"logo\":{\"@type\":\"ImageObject\",\"inLanguage\":\"en-US\",\"@id\":\"https:\\\/\\\/ethikyou.com\\\/en\\\/#\\\/schema\\\/logo\\\/image\\\/\",\"url\":\"https:\\\/\\\/ethikyou.com\\\/wp-content\\\/uploads\\\/Ethikyou-logo-1.svg\",\"contentUrl\":\"https:\\\/\\\/ethikyou.com\\\/wp-content\\\/uploads\\\/Ethikyou-logo-1.svg\",\"width\":334,\"height\":97,\"caption\":\"ETHIKYOU\"},\"image\":{\"@id\":\"https:\\\/\\\/ethikyou.com\\\/en\\\/#\\\/schema\\\/logo\\\/image\\\/\"}}]}<\/script>\n<!-- \/ Yoast SEO plugin. -->","yoast_head_json":{"title":"Terms &amp; Conditions - ETHIKYOU","robots":{"index":"index","follow":"follow","max-snippet":"max-snippet:-1","max-image-preview":"max-image-preview:large","max-video-preview":"max-video-preview:-1"},"canonical":"https:\/\/ethikyou.com\/en\/terms-conditions\/","og_locale":"en_US","og_type":"article","og_title":"Terms &amp; Conditions - ETHIKYOU","og_description":"Terms &amp; Conditions Publication This website, accessible at https:\/\/www.ethikyou.com, is published by ETHIKYOU SAS, a Soci\u00e9t\u00e9 par Actions Simplifi\u00e9e, 907 716 732 R.C.S. Paris, with intra-community VAT number FR47907716732, whose registered office is located at 10 rue de Penthi\u00e8vre, 75008 Paris. Tel:+33 (0)7 77 88 97 53 email: contact@ethikyou.com ETHIKYOU specialises in business and management [&hellip;]","og_url":"https:\/\/ethikyou.com\/en\/terms-conditions\/","og_site_name":"ETHIKYOU","article_modified_time":"2024-10-16T09:20:14+00:00","og_image":[{"url":"https:\/\/ethikyou.com\/wp-content\/uploads\/bg_demi-cercle01.svg","type":"","width":"","height":""}],"twitter_card":"summary_large_image","twitter_misc":{"Est. reading time":"2 minutes"},"schema":{"@context":"https:\/\/schema.org","@graph":[{"@type":"WebPage","@id":"https:\/\/ethikyou.com\/en\/terms-conditions\/","url":"https:\/\/ethikyou.com\/en\/terms-conditions\/","name":"Terms &amp; Conditions - ETHIKYOU","isPartOf":{"@id":"https:\/\/ethikyou.com\/en\/#website"},"primaryImageOfPage":{"@id":"https:\/\/ethikyou.com\/en\/terms-conditions\/#primaryimage"},"image":{"@id":"https:\/\/ethikyou.com\/en\/terms-conditions\/#primaryimage"},"thumbnailUrl":"https:\/\/ethikyou.com\/wp-content\/uploads\/bg_demi-cercle01.svg","datePublished":"2023-04-24T09:04:47+00:00","dateModified":"2024-10-16T09:20:14+00:00","breadcrumb":{"@id":"https:\/\/ethikyou.com\/en\/terms-conditions\/#breadcrumb"},"inLanguage":"en-US","potentialAction":[{"@type":"ReadAction","target":["https:\/\/ethikyou.com\/en\/terms-conditions\/"]}]},{"@type":"ImageObject","inLanguage":"en-US","@id":"https:\/\/ethikyou.com\/en\/terms-conditions\/#primaryimage","url":"https:\/\/ethikyou.com\/wp-content\/uploads\/bg_demi-cercle01.svg","contentUrl":"https:\/\/ethikyou.com\/wp-content\/uploads\/bg_demi-cercle01.svg"},{"@type":"BreadcrumbList","@id":"https:\/\/ethikyou.com\/en\/terms-conditions\/#breadcrumb","itemListElement":[{"@type":"ListItem","position":1,"name":"Accueil","item":"https:\/\/ethikyou.com\/en\/accueil\/"},{"@type":"ListItem","position":2,"name":"Terms &amp; Conditions"}]},{"@type":"WebSite","@id":"https:\/\/ethikyou.com\/en\/#website","url":"https:\/\/ethikyou.com\/en\/","name":"ETHIKYOU","description":"Elevez votre potentiel RSE","publisher":{"@id":"https:\/\/ethikyou.com\/en\/#organization"},"alternateName":"ETHIKYOU","potentialAction":[{"@type":"SearchAction","target":{"@type":"EntryPoint","urlTemplate":"https:\/\/ethikyou.com\/en\/?s={search_term_string}"},"query-input":{"@type":"PropertyValueSpecification","valueRequired":true,"valueName":"search_term_string"}}],"inLanguage":"en-US"},{"@type":"Organization","@id":"https:\/\/ethikyou.com\/en\/#organization","name":"ETHIKYOU","alternateName":"ETHIKYOU","url":"https:\/\/ethikyou.com\/en\/","logo":{"@type":"ImageObject","inLanguage":"en-US","@id":"https:\/\/ethikyou.com\/en\/#\/schema\/logo\/image\/","url":"https:\/\/ethikyou.com\/wp-content\/uploads\/Ethikyou-logo-1.svg","contentUrl":"https:\/\/ethikyou.com\/wp-content\/uploads\/Ethikyou-logo-1.svg","width":334,"height":97,"caption":"ETHIKYOU"},"image":{"@id":"https:\/\/ethikyou.com\/en\/#\/schema\/logo\/image\/"}}]}},"_links":{"self":[{"href":"https:\/\/ethikyou.com\/en\/wp-json\/wp\/v2\/pages\/4233","targetHints":{"allow":["GET"]}}],"collection":[{"href":"https:\/\/ethikyou.com\/en\/wp-json\/wp\/v2\/pages"}],"about":[{"href":"https:\/\/ethikyou.com\/en\/wp-json\/wp\/v2\/types\/page"}],"author":[{"embeddable":true,"href":"https:\/\/ethikyou.com\/en\/wp-json\/wp\/v2\/users\/1"}],"replies":[{"embeddable":true,"href":"https:\/\/ethikyou.com\/en\/wp-json\/wp\/v2\/comments?post=4233"}],"version-history":[{"count":5,"href":"https:\/\/ethikyou.com\/en\/wp-json\/wp\/v2\/pages\/4233\/revisions"}],"predecessor-version":[{"id":4353,"href":"https:\/\/ethikyou.com\/en\/wp-json\/wp\/v2\/pages\/4233\/revisions\/4353"}],"wp:attachment":[{"href":"https:\/\/ethikyou.com\/en\/wp-json\/wp\/v2\/media?parent=4233"}],"curies":[{"name":"wp","href":"https:\/\/api.w.org\/{rel}","templated":true}]}}